{"id":2,"date":"2024-11-04T11:37:20","date_gmt":"2024-11-04T11:37:20","guid":{"rendered":"http:\/\/freezyfood.eu\/?page_id=2"},"modified":"2024-12-01T22:46:13","modified_gmt":"2024-12-01T22:46:13","slug":"pealeht","status":"publish","type":"page","link":"http:\/\/www.freezyfood.eu\/en\/pealeht\/","title":{"rendered":"Pealeht"},"content":{"rendered":"<p>[et_pb_section fb_built=&#8221;1&#8243; _builder_version=&#8221;4.27.2&#8243; _module_preset=&#8221;default&#8221; background_enable_image=&#8221;off&#8221; hover_enabled=&#8221;0&#8243; global_colors_info=&#8221;{%22gcid-84d2b4ca-e619-4389-b2f6-13bd5b1554a7%22:%91%22background_color_gradient_stops%22%93}&#8221; sticky_enabled=&#8221;0&#8243;][et_pb_row column_structure=&#8221;1_2,1_2&#8243; _builder_version=&#8221;4.27.2&#8243; _module_preset=&#8221;default&#8221; width=&#8221;95%&#8221; max_width=&#8221;100%&#8221; hover_enabled=&#8221;0&#8243; global_colors_info=&#8221;{}&#8221; sticky_enabled=&#8221;0&#8243;][et_pb_column type=&#8221;1_2&#8243; _builder_version=&#8221;4.27.2&#8243; _module_preset=&#8221;default&#8221; global_colors_info=&#8221;{}&#8221;][ba_animated_text prefix=&#8221;MIS ON&#8221; animated_text=&#8221;%91{%22value%22:%22K\u00dcLMKUIVATUS%22,%22checked%22:0,%22dragID%22:-1}%93&#8243; suffix=&#8221;JA MIKS ON SEE HEA?&#8221; animation_speed=&#8221;150ms&#8221; start_delay=&#8221;0ms&#8221; back_speed=&#8221;150ms&#8221; use_loop=&#8221;off&#8221; show_cursor=&#8221;off&#8221; prefix_bg=&#8221;RGBA(255,255,255,0)&#8221; prefix_stroke_color=&#8221;#000000&#8243; animated_bg=&#8221;RGBA(255,255,255,0)&#8221; animated_stroke_color=&#8221;gcid-85772d92-0abc-4182-884c-9f6fc3082906&#8243; suffix_bg=&#8221;RGBA(255,255,255,0)&#8221; _builder_version=&#8221;4.27.2&#8243; _module_preset=&#8221;default&#8221; animated_font=&#8221;Darker Grotesque|700||on|||||&#8221; animated_text_color=&#8221;#FFFFFF&#8221; prefix_font=&#8221;Darker Grotesque||||||||&#8221; prefix_text_color=&#8221;#000000&#8243; main_font=&#8221;Darker Grotesque|700|||||||&#8221; main_text_color=&#8221;#000000&#8243; text_orientation=&#8221;left&#8221; custom_margin=&#8221;||15px|||&#8221; hover_enabled=&#8221;0&#8243; global_colors_info=&#8221;{%22gcid-85772d92-0abc-4182-884c-9f6fc3082906%22:%91%22animated_stroke_color%22%93}&#8221; animated_text_color__hover_enabled=&#8221;off|desktop&#8221; sticky_enabled=&#8221;0&#8243; suffix_text_color=&#8221;#000000&#8243;][\/ba_animated_text][et_pb_text _builder_version=&#8221;4.27.2&#8243; _module_preset=&#8221;default&#8221; text_font=&#8221;Darker Grotesque|500|||||||&#8221; text_text_color=&#8221;#000000&#8243; text_font_size=&#8221;24px&#8221; global_colors_info=&#8221;{}&#8221; text_font_size_tablet=&#8221;20px&#8221; text_font_size_phone=&#8221;16px&#8221; text_font_size_last_edited=&#8221;on|phone&#8221; text_line_height=&#8221;1.4em&#8221;]<\/p>\n<p><span>Freeze-drying, also known as lyophilization, is a food and material preservation method in which water is removed from the product at very low temperatures, turning ice directly into vapor through vacuum and sublimation. This process occurs without heating the product, which helps retain nutrients, vitamins, texture, and flavor.<\/span><\/p>\n<p>[\/et_pb_text][\/et_pb_column][et_pb_column type=&#8221;1_2&#8243; _builder_version=&#8221;4.27.2&#8243; _module_preset=&#8221;default&#8221; global_colors_info=&#8221;{}&#8221;][ba_animated_text prefix=&#8221;K\u00dcLMKUIVATUS ON HEA MITMEL P\u00d5HJUSEL:&#8221; animated_text=&#8221;%91{%22value%22:%22%22,%22checked%22:0,%22dragID%22:-1}%93&#8243; animation_speed=&#8221;150ms&#8221; start_delay=&#8221;0ms&#8221; back_speed=&#8221;150ms&#8221; show_cursor=&#8221;off&#8221; prefix_bg=&#8221;RGBA(255,255,255,0)&#8221; prefix_stroke_color=&#8221;RGBA(255,255,255,0)&#8221; animated_bg=&#8221;RGBA(255,255,255,0)&#8221; animated_stroke_color=&#8221;#FFFFFF&#8221; suffix_bg=&#8221;RGBA(255,255,255,0)&#8221; _builder_version=&#8221;4.27.2&#8243; _module_preset=&#8221;default&#8221; animated_font=&#8221;Josefin Sans|700||on|||||&#8221; animated_text_color=&#8221;#000000&#8243; prefix_font=&#8221;Darker Grotesque||||||||&#8221; prefix_text_color=&#8221;#000000&#8243; main_font=&#8221;Josefin Sans|700|||||||&#8221; main_text_color=&#8221;gcid-84d2b4ca-e619-4389-b2f6-13bd5b1554a7&#8243; text_orientation=&#8221;left&#8221; custom_margin=&#8221;||15px|||&#8221; hover_enabled=&#8221;0&#8243; global_colors_info=&#8221;{%22gcid-84d2b4ca-e619-4389-b2f6-13bd5b1554a7%22:%91%22main_text_color%22%93}&#8221; animated_text_color__hover_enabled=&#8221;off|desktop&#8221; sticky_enabled=&#8221;0&#8243;][\/ba_animated_text][ba_animated_text animated_text=&#8221;%91{%22value%22:%22Toitainete s\u00e4ilimine%22,%22checked%22:0,%22dragID%22:-1}%93&#8243; animation_speed=&#8221;150ms&#8221; start_delay=&#8221;0ms&#8221; back_speed=&#8221;150ms&#8221; use_loop=&#8221;off&#8221; show_cursor=&#8221;off&#8221; prefix_bg=&#8221;RGBA(255,255,255,0)&#8221; prefix_stroke_color=&#8221;RGBA(255,255,255,0)&#8221; animated_bg=&#8221;RGBA(255,255,255,0)&#8221; animated_stroke_color=&#8221;#FFFFFF&#8221; suffix_bg=&#8221;RGBA(255,255,255,0)&#8221; _builder_version=&#8221;4.27.2&#8243; _module_preset=&#8221;default&#8221; animated_font=&#8221;Josefin Sans|700||on|||||&#8221; animated_text_color=&#8221;#FFFFFF&#8221; prefix_font=&#8221;Josefin Sans||||||||&#8221; prefix_text_color=&#8221;#FFFFFF&#8221; main_font=&#8221;Darker Grotesque|700|||||||&#8221; main_text_color=&#8221;gcid-84d2b4ca-e619-4389-b2f6-13bd5b1554a7&#8243; text_orientation=&#8221;left&#8221; custom_margin=&#8221;||15px|||&#8221; hover_enabled=&#8221;0&#8243; global_colors_info=&#8221;{%22gcid-84d2b4ca-e619-4389-b2f6-13bd5b1554a7%22:%91%22main_text_color%22%93}&#8221; animated_text_color__hover_enabled=&#8221;off|desktop&#8221; sticky_enabled=&#8221;0&#8243;][\/ba_animated_text][et_pb_text _builder_version=&#8221;4.27.2&#8243; _module_preset=&#8221;default&#8221; text_font=&#8221;Darker Grotesque|500|||||||&#8221; text_text_color=&#8221;#000000&#8243; text_font_size=&#8221;24px&#8221; text_orientation=&#8221;center&#8221; global_colors_info=&#8221;{}&#8221; text_font_size_tablet=&#8221;20px&#8221; text_font_size_phone=&#8221;16px&#8221; text_font_size_last_edited=&#8221;on|phone&#8221; text_line_height=&#8221;1.4em&#8221; hover_enabled=&#8221;0&#8243; sticky_enabled=&#8221;0&#8243;]<\/p>\n<p style=\"text-align: left;\"><span>Since the process takes place at low temperatures, the food and its components (such as vitamins, minerals, and proteins) are not damaged by heat.<\/span><\/p>\n<p>[\/et_pb_text][ba_animated_text animated_text=&#8221;%91{%22value%22:%22PIKEM S\u00c4ILIVUSAEG%22,%22checked%22:0,%22dragID%22:-1}%93&#8243; animation_speed=&#8221;150ms&#8221; start_delay=&#8221;0ms&#8221; back_speed=&#8221;150ms&#8221; use_loop=&#8221;off&#8221; show_cursor=&#8221;off&#8221; prefix_bg=&#8221;RGBA(255,255,255,0)&#8221; prefix_stroke_color=&#8221;RGBA(255,255,255,0)&#8221; animated_bg=&#8221;RGBA(255,255,255,0)&#8221; animated_stroke_color=&#8221;#FFFFFF&#8221; suffix_bg=&#8221;RGBA(255,255,255,0)&#8221; _builder_version=&#8221;4.27.2&#8243; _module_preset=&#8221;default&#8221; animated_font=&#8221;Josefin Sans|700||on|||||&#8221; animated_text_color=&#8221;#FFFFFF&#8221; prefix_font=&#8221;Josefin Sans||||||||&#8221; prefix_text_color=&#8221;#FFFFFF&#8221; main_font=&#8221;Darker Grotesque|700|||||||&#8221; main_text_color=&#8221;gcid-84d2b4ca-e619-4389-b2f6-13bd5b1554a7&#8243; text_orientation=&#8221;left&#8221; custom_margin=&#8221;||15px|||&#8221; animated_text_color__hover_enabled=&#8221;off|desktop&#8221; global_colors_info=&#8221;{%22gcid-84d2b4ca-e619-4389-b2f6-13bd5b1554a7%22:%91%22main_text_color%22,%22main_text_color%22,%22main_text_color%22%93,%22gcid-29d9aed3-b8e7-4db8-8fce-974a87928b0d%22:%91%22main_text_color%22%93,%22gcid-9fdf0856-f94a-439a-80ae-63307f6ca0c3%22:%91%22main_text_color%22%93}&#8221;][\/ba_animated_text][et_pb_text _builder_version=&#8221;4.27.2&#8243; _module_preset=&#8221;default&#8221; text_font=&#8221;Darker Grotesque|500|||||||&#8221; text_text_color=&#8221;#000000&#8243; text_font_size=&#8221;24px&#8221; global_colors_info=&#8221;{}&#8221; text_font_size_tablet=&#8221;20px&#8221; text_font_size_phone=&#8221;16px&#8221; text_font_size_last_edited=&#8221;on|phone&#8221; text_line_height=&#8221;1.4em&#8221; hover_enabled=&#8221;0&#8243; sticky_enabled=&#8221;0&#8243;]<\/p>\n<p><span>Freeze-dried food can be restored quickly and easily to its original state by adding water, making it an ideal food option for hikers, emergency services, crisis situations, soldiers, and even space missions.<\/span><\/p>\n<p>[\/et_pb_text][ba_animated_text animated_text=&#8221;%91{%22value%22:%22KERGE KAAL%22,%22checked%22:0,%22dragID%22:-1}%93&#8243; animation_speed=&#8221;150ms&#8221; start_delay=&#8221;0ms&#8221; back_speed=&#8221;150ms&#8221; use_loop=&#8221;off&#8221; show_cursor=&#8221;off&#8221; prefix_bg=&#8221;RGBA(255,255,255,0)&#8221; prefix_stroke_color=&#8221;RGBA(255,255,255,0)&#8221; animated_bg=&#8221;RGBA(255,255,255,0)&#8221; animated_stroke_color=&#8221;#FFFFFF&#8221; suffix_bg=&#8221;RGBA(255,255,255,0)&#8221; _builder_version=&#8221;4.27.2&#8243; _module_preset=&#8221;default&#8221; animated_font=&#8221;Josefin Sans|700||on|||||&#8221; animated_text_color=&#8221;#FFFFFF&#8221; prefix_font=&#8221;Josefin Sans||||||||&#8221; prefix_text_color=&#8221;#FFFFFF&#8221; main_font=&#8221;Darker Grotesque|700|||||||&#8221; main_text_color=&#8221;gcid-84d2b4ca-e619-4389-b2f6-13bd5b1554a7&#8243; text_orientation=&#8221;left&#8221; custom_margin=&#8221;||15px|||&#8221; animated_text_color__hover_enabled=&#8221;off|desktop&#8221; global_colors_info=&#8221;{%22gcid-84d2b4ca-e619-4389-b2f6-13bd5b1554a7%22:%91%22main_text_color%22,%22main_text_color%22,%22main_text_color%22%93,%22gcid-29d9aed3-b8e7-4db8-8fce-974a87928b0d%22:%91%22main_text_color%22%93,%22gcid-9fdf0856-f94a-439a-80ae-63307f6ca0c3%22:%91%22main_text_color%22%93}&#8221;][\/ba_animated_text][et_pb_text _builder_version=&#8221;4.27.2&#8243; _module_preset=&#8221;default&#8221; text_font=&#8221;Darker Grotesque|500|||||||&#8221; text_text_color=&#8221;#000000&#8243; text_font_size=&#8221;24px&#8221; global_colors_info=&#8221;{}&#8221; text_font_size_tablet=&#8221;20px&#8221; text_font_size_phone=&#8221;16px&#8221; text_font_size_last_edited=&#8221;on|phone&#8221; text_line_height=&#8221;1.4em&#8221;]<\/p>\n<p><span>Since water is removed, the final products are very light, making them easier to transport and store.<\/span><\/p>\n<p>[\/et_pb_text][ba_animated_text animated_text=&#8221;%91{%22value%22:%22Loodusliku maitse ja tekstuuri s\u00e4ilimine%22,%22checked%22:0,%22dragID%22:-1}%93&#8243; animation_speed=&#8221;150ms&#8221; start_delay=&#8221;0ms&#8221; back_speed=&#8221;150ms&#8221; use_loop=&#8221;off&#8221; show_cursor=&#8221;off&#8221; prefix_bg=&#8221;RGBA(255,255,255,0)&#8221; prefix_stroke_color=&#8221;RGBA(255,255,255,0)&#8221; animated_bg=&#8221;RGBA(255,255,255,0)&#8221; animated_stroke_color=&#8221;#FFFFFF&#8221; suffix_bg=&#8221;RGBA(255,255,255,0)&#8221; _builder_version=&#8221;4.27.2&#8243; _module_preset=&#8221;default&#8221; animated_font=&#8221;Josefin Sans|700||on|||||&#8221; animated_text_color=&#8221;#FFFFFF&#8221; prefix_font=&#8221;Josefin Sans||||||||&#8221; prefix_text_color=&#8221;#FFFFFF&#8221; main_font=&#8221;Darker Grotesque|700|||||||&#8221; main_text_color=&#8221;gcid-84d2b4ca-e619-4389-b2f6-13bd5b1554a7&#8243; text_orientation=&#8221;left&#8221; custom_margin=&#8221;||15px|||&#8221; animated_text_color__hover_enabled=&#8221;off|desktop&#8221; global_colors_info=&#8221;{%22gcid-84d2b4ca-e619-4389-b2f6-13bd5b1554a7%22:%91%22main_text_color%22,%22main_text_color%22,%22main_text_color%22%93,%22gcid-29d9aed3-b8e7-4db8-8fce-974a87928b0d%22:%91%22main_text_color%22%93,%22gcid-9fdf0856-f94a-439a-80ae-63307f6ca0c3%22:%91%22main_text_color%22%93}&#8221;][\/ba_animated_text][et_pb_text _builder_version=&#8221;4.27.2&#8243; _module_preset=&#8221;default&#8221; text_font=&#8221;Darker Grotesque|500|||||||&#8221; text_text_color=&#8221;#000000&#8243; text_font_size=&#8221;24px&#8221; global_colors_info=&#8221;{}&#8221; text_font_size_tablet=&#8221;20px&#8221; text_font_size_phone=&#8221;16px&#8221; text_font_size_last_edited=&#8221;on|phone&#8221; text_line_height=&#8221;1.4em&#8221;]<\/p>\n<p><span>Freeze-drying preserves the original taste and texture of food much better than other preservation methods, such as drying or canning.<\/span><\/p>\n<p>[\/et_pb_text][ba_animated_text animated_text=&#8221;%91{%22value%22:%22KIIRE TAASTAMINE%22,%22checked%22:0,%22dragID%22:-1}%93&#8243; animation_speed=&#8221;150ms&#8221; start_delay=&#8221;0ms&#8221; back_speed=&#8221;150ms&#8221; use_loop=&#8221;off&#8221; show_cursor=&#8221;off&#8221; prefix_bg=&#8221;RGBA(255,255,255,0)&#8221; prefix_stroke_color=&#8221;RGBA(255,255,255,0)&#8221; animated_bg=&#8221;RGBA(255,255,255,0)&#8221; animated_stroke_color=&#8221;#FFFFFF&#8221; suffix_bg=&#8221;RGBA(255,255,255,0)&#8221; _builder_version=&#8221;4.27.2&#8243; _module_preset=&#8221;default&#8221; animated_font=&#8221;Josefin Sans|700||on|||||&#8221; animated_text_color=&#8221;#FFFFFF&#8221; prefix_font=&#8221;Josefin Sans||||||||&#8221; prefix_text_color=&#8221;#FFFFFF&#8221; main_font=&#8221;Darker Grotesque|700|||||||&#8221; main_text_color=&#8221;gcid-84d2b4ca-e619-4389-b2f6-13bd5b1554a7&#8243; text_orientation=&#8221;left&#8221; custom_margin=&#8221;||15px|||&#8221; animated_text_color__hover_enabled=&#8221;off|desktop&#8221; global_colors_info=&#8221;{%22gcid-84d2b4ca-e619-4389-b2f6-13bd5b1554a7%22:%91%22main_text_color%22,%22main_text_color%22,%22main_text_color%22%93,%22gcid-29d9aed3-b8e7-4db8-8fce-974a87928b0d%22:%91%22main_text_color%22%93,%22gcid-9fdf0856-f94a-439a-80ae-63307f6ca0c3%22:%91%22main_text_color%22%93}&#8221;][\/ba_animated_text][et_pb_text _builder_version=&#8221;4.27.2&#8243; _module_preset=&#8221;default&#8221; text_font=&#8221;Darker Grotesque|500|||||||&#8221; text_text_color=&#8221;#000000&#8243; text_font_size=&#8221;24px&#8221; global_colors_info=&#8221;{}&#8221; text_font_size_tablet=&#8221;20px&#8221; text_font_size_phone=&#8221;16px&#8221; text_font_size_last_edited=&#8221;on|phone&#8221; text_line_height=&#8221;1.4em&#8221;]<\/p>\n<p><span>Freeze-dried products can last for a very long time (up to several years), as the absence of water prevents microbial growth and spoilage.<\/span><\/p>\n<p>[\/et_pb_text][\/et_pb_column][\/et_pb_row][et_pb_row _builder_version=&#8221;4.27.2&#8243; _module_preset=&#8221;default&#8221; global_colors_info=&#8221;{}&#8221;][et_pb_column type=&#8221;4_4&#8243; _builder_version=&#8221;4.27.2&#8243; _module_preset=&#8221;default&#8221; global_colors_info=&#8221;{}&#8221;][\/et_pb_column][\/et_pb_row][et_pb_row _builder_version=&#8221;4.27.2&#8243; _module_preset=&#8221;default&#8221; global_colors_info=&#8221;{}&#8221;][et_pb_column type=&#8221;4_4&#8243; _builder_version=&#8221;4.27.2&#8243; _module_preset=&#8221;default&#8221; global_colors_info=&#8221;{}&#8221;][\/et_pb_column][\/et_pb_row][et_pb_row _builder_version=&#8221;4.27.2&#8243; _module_preset=&#8221;default&#8221; global_colors_info=&#8221;{}&#8221;][et_pb_column type=&#8221;4_4&#8243; _builder_version=&#8221;4.27.2&#8243; _module_preset=&#8221;default&#8221; global_colors_info=&#8221;{}&#8221;][\/et_pb_column][\/et_pb_row][et_pb_row _builder_version=&#8221;4.27.2&#8243; _module_preset=&#8221;default&#8221; global_colors_info=&#8221;{}&#8221;][et_pb_column type=&#8221;4_4&#8243; _builder_version=&#8221;4.27.2&#8243; _module_preset=&#8221;default&#8221; global_colors_info=&#8221;{}&#8221;][\/et_pb_column][\/et_pb_row][\/et_pb_section]<\/p>","protected":false},"excerpt":{"rendered":"<p><div class=\"et_pb_module ba_animated_text ba_animated_text_0\">\n\t\t\t\t\n\t\t\t\t\n\t\t\t\t\n\t\t\t\t\n\t\t\t\t\n\t\t\t\t\n\t\t\t\t<div class=\"et_pb_module_inner\">\n\t\t\t\t\t<div id=\"dtq-animated-text-0\" class=\"dtq-module dtq-animated-text dtq-front\" data-settings=\"{&quot;strings&quot;:[&quot;K\\u00dcLMKUIVATUS&quot;],&quot;showCursor&quot;:true,&quot;loop&quot;:false,&quot;typeSpeed&quot;:150,&quot;startDelay&quot;:0,&quot;backSpeed&quot;:150,&quot;backDelay&quot;:500}\" data-type=\"typed\">\n\t\t\t\t<h3 class=\"dtq-animated-text-head\">\n\t\t\t\t\t<div class=\"dtq-animated-text-prefix\"><span>MIS ON<\/span>&nbsp;<\/div> <div class=\"dtq-text-animation dtq-animated-text-main dtq-typed-text\"><\/div> <div class=\"dtq-animated-text-suffix\">&nbsp;<span>JA MIKS ON SEE HEA?<\/span><\/div>\n\t\t\t\t<\/h3>\n\t\t\t<\/div>\n\t\t\t\t<\/div>\n\t\t\t<\/div>K\u00fclmkuivatus ehk l\u00fcofiliseerimine on toiduainete ja muude materjalide s\u00e4ilitamise meetod, mille k\u00e4igus eemaldatakse toiduainest vesi v\u00e4ga madalatel temperatuuridel, muutes [&hellip;]<\/p>","protected":false},"author":1,"featured_media":0,"parent":0,"menu_order":0,"comment_status":"closed","ping_status":"open","template":"","meta":{"_et_pb_use_builder":"on","_et_pb_old_content":"","_et_gb_content_width":"","footnotes":""},"difl_page_category":[],"class_list":["post-2","page","type-page","status-publish","hentry"],"yoast_head":"<!-- This site is optimized with the Yoast SEO plugin v27.5 - https:\/\/yoast.com\/product\/yoast-seo-wordpress\/ -->\n<title>Pealeht - FreezyFood<\/title>\n<meta name=\"robots\" content=\"index, follow, max-snippet:-1, max-image-preview:large, max-video-preview:-1\" \/>\n<link rel=\"canonical\" href=\"http:\/\/freezyfood.eu\/en\/pealeht\/\" \/>\n<meta property=\"og:locale\" content=\"en_US\" \/>\n<meta property=\"og:type\" content=\"article\" \/>\n<meta property=\"og:title\" content=\"Pealeht - FreezyFood\" \/>\n<meta property=\"og:description\" content=\"K\u00fclmkuivatus ehk l\u00fcofiliseerimine on toiduainete ja muude materjalide s\u00e4ilitamise meetod, mille k\u00e4igus eemaldatakse toiduainest vesi v\u00e4ga madalatel temperatuuridel, muutes [&hellip;]\" \/>\n<meta property=\"og:url\" content=\"http:\/\/freezyfood.eu\/en\/pealeht\/\" \/>\n<meta property=\"og:site_name\" content=\"FreezyFood\" \/>\n<meta property=\"article:modified_time\" content=\"2024-12-01T22:46:13+00:00\" \/>\n<meta name=\"twitter:card\" content=\"summary_large_image\" \/>\n<script type=\"application\/ld+json\" class=\"yoast-schema-graph\">{\"@context\":\"https:\\\/\\\/schema.org\",\"@graph\":[{\"@type\":\"WebPage\",\"@id\":\"http:\\\/\\\/freezyfood.eu\\\/en\\\/pealeht\\\/\",\"url\":\"http:\\\/\\\/freezyfood.eu\\\/en\\\/pealeht\\\/\",\"name\":\"Pealeht - FreezyFood\",\"isPartOf\":{\"@id\":\"https:\\\/\\\/freezyfood.eu\\\/#website\"},\"datePublished\":\"2024-11-04T11:37:20+00:00\",\"dateModified\":\"2024-12-01T22:46:13+00:00\",\"breadcrumb\":{\"@id\":\"http:\\\/\\\/freezyfood.eu\\\/en\\\/pealeht\\\/#breadcrumb\"},\"inLanguage\":\"en-US\",\"potentialAction\":[{\"@type\":\"ReadAction\",\"target\":[\"http:\\\/\\\/freezyfood.eu\\\/en\\\/pealeht\\\/\"]}]},{\"@type\":\"BreadcrumbList\",\"@id\":\"http:\\\/\\\/freezyfood.eu\\\/en\\\/pealeht\\\/#breadcrumb\",\"itemListElement\":[{\"@type\":\"ListItem\",\"position\":1,\"name\":\"Home\",\"item\":\"https:\\\/\\\/freezyfood.eu\\\/\"},{\"@type\":\"ListItem\",\"position\":2,\"name\":\"Pealeht\"}]},{\"@type\":\"WebSite\",\"@id\":\"https:\\\/\\\/freezyfood.eu\\\/#website\",\"url\":\"https:\\\/\\\/freezyfood.eu\\\/\",\"name\":\"FreezyFood\",\"description\":\"K\u00fclmkuivatatud toidud mis on valmistatud Eestis!\",\"potentialAction\":[{\"@type\":\"SearchAction\",\"target\":{\"@type\":\"EntryPoint\",\"urlTemplate\":\"https:\\\/\\\/freezyfood.eu\\\/?s={search_term_string}\"},\"query-input\":{\"@type\":\"PropertyValueSpecification\",\"valueRequired\":true,\"valueName\":\"search_term_string\"}}],\"inLanguage\":\"en-US\"}]}<\/script>\n<!-- \/ Yoast SEO plugin. -->","yoast_head_json":{"title":"Pealeht - FreezyFood","robots":{"index":"index","follow":"follow","max-snippet":"max-snippet:-1","max-image-preview":"max-image-preview:large","max-video-preview":"max-video-preview:-1"},"canonical":"http:\/\/freezyfood.eu\/en\/pealeht\/","og_locale":"en_US","og_type":"article","og_title":"Pealeht - FreezyFood","og_description":"K\u00fclmkuivatus ehk l\u00fcofiliseerimine on toiduainete ja muude materjalide s\u00e4ilitamise meetod, mille k\u00e4igus eemaldatakse toiduainest vesi v\u00e4ga madalatel temperatuuridel, muutes [&hellip;]","og_url":"http:\/\/freezyfood.eu\/en\/pealeht\/","og_site_name":"FreezyFood","article_modified_time":"2024-12-01T22:46:13+00:00","twitter_card":"summary_large_image","schema":{"@context":"https:\/\/schema.org","@graph":[{"@type":"WebPage","@id":"http:\/\/freezyfood.eu\/en\/pealeht\/","url":"http:\/\/freezyfood.eu\/en\/pealeht\/","name":"Pealeht - FreezyFood","isPartOf":{"@id":"https:\/\/freezyfood.eu\/#website"},"datePublished":"2024-11-04T11:37:20+00:00","dateModified":"2024-12-01T22:46:13+00:00","breadcrumb":{"@id":"http:\/\/freezyfood.eu\/en\/pealeht\/#breadcrumb"},"inLanguage":"en-US","potentialAction":[{"@type":"ReadAction","target":["http:\/\/freezyfood.eu\/en\/pealeht\/"]}]},{"@type":"BreadcrumbList","@id":"http:\/\/freezyfood.eu\/en\/pealeht\/#breadcrumb","itemListElement":[{"@type":"ListItem","position":1,"name":"Home","item":"https:\/\/freezyfood.eu\/"},{"@type":"ListItem","position":2,"name":"Pealeht"}]},{"@type":"WebSite","@id":"https:\/\/freezyfood.eu\/#website","url":"https:\/\/freezyfood.eu\/","name":"FreezyFood","description":"K\u00fclmkuivatatud toidud mis on valmistatud Eestis!","potentialAction":[{"@type":"SearchAction","target":{"@type":"EntryPoint","urlTemplate":"https:\/\/freezyfood.eu\/?s={search_term_string}"},"query-input":{"@type":"PropertyValueSpecification","valueRequired":true,"valueName":"search_term_string"}}],"inLanguage":"en-US"}]}},"jetpack_sharing_enabled":true,"_links":{"self":[{"href":"http:\/\/www.freezyfood.eu\/en\/wp-json\/wp\/v2\/pages\/2","targetHints":{"allow":["GET"]}}],"collection":[{"href":"http:\/\/www.freezyfood.eu\/en\/wp-json\/wp\/v2\/pages"}],"about":[{"href":"http:\/\/www.freezyfood.eu\/en\/wp-json\/wp\/v2\/types\/page"}],"author":[{"embeddable":true,"href":"http:\/\/www.freezyfood.eu\/en\/wp-json\/wp\/v2\/users\/1"}],"replies":[{"embeddable":true,"href":"http:\/\/www.freezyfood.eu\/en\/wp-json\/wp\/v2\/comments?post=2"}],"version-history":[{"count":5,"href":"http:\/\/www.freezyfood.eu\/en\/wp-json\/wp\/v2\/pages\/2\/revisions"}],"predecessor-version":[{"id":211384,"href":"http:\/\/www.freezyfood.eu\/en\/wp-json\/wp\/v2\/pages\/2\/revisions\/211384"}],"wp:attachment":[{"href":"http:\/\/www.freezyfood.eu\/en\/wp-json\/wp\/v2\/media?parent=2"}],"wp:term":[{"taxonomy":"difl_page_category","embeddable":true,"href":"http:\/\/www.freezyfood.eu\/en\/wp-json\/wp\/v2\/difl_page_category?post=2"}],"curies":[{"name":"wp","href":"https:\/\/api.w.org\/{rel}","templated":true}]}}